{"id":48,"date":"2020-12-14T14:04:28","date_gmt":"2020-12-14T14:04:28","guid":{"rendered":"http:\/\/eineweltpartnerschaft.at\/?page_id=48"},"modified":"2020-12-14T14:04:28","modified_gmt":"2020-12-14T14:04:28","slug":"datenschutz","status":"publish","type":"page","link":"https:\/\/eineweltpartnerschaft.at\/?page_id=48","title":{"rendered":"Datenschutz"},"content":{"rendered":"<p><strong>Datenschutzerkl\u00e4rung<br \/>\n<\/strong>Der Schutz Ihrer pers\u00f6nlichen Daten ist uns ein besonderes Anliegen. Wir verarbeiten Ihre Daten daher ausschlie\u00dflich auf Grundlage der gesetzlichen Bestimmungen (DSGVO, TKG 2003). In diesen Datenschutzinformationen informieren wir Sie \u00fcber die wichtigsten Aspekte der Datenverarbeitung im Rahmen unserer Website.<\/p>\n<p>&nbsp;<\/p>\n<p><strong>Kontakt mit uns<br \/>\n<\/strong>Wenn Sie per Formular auf der Website oder per E-Mail Kontakt mit uns aufnehmen, werden Ihre angegebenen Daten zwecks Bearbeitung der Anfrage und f\u00fcr den Fall von Anschlussfragen bei uns gespeichert. Diese Daten geben wir nicht ohne Ihre Einwilligung weiter.<\/p>\n<p>&nbsp;<\/p>\n<p><strong>Cookies<br \/>\n<\/strong>Unsere Website verwendet so genannte Cookies. Dabei handelt es sich um kleine Textdateien, die mit Hilfe des Browsers auf Ihrem Endger\u00e4t abgelegt werden. Sie richten keinen Schaden an. Wir nutzen Cookies dazu, unsere Homepage nutzerfreundlich zu gestalten. Einige Cookies bleiben auf Ihrem Endger\u00e4t gespeichert, diese k\u00f6nnen Sie jederzeit selbst l\u00f6schen. Sie\u00a0 erm\u00f6glichen es uns, Ihren Browser beim n\u00e4chsten Besuch wiederzuerkennen. Bei der Deaktivierung von Cookies kann die Funktionalit\u00e4t unserer Website eingeschr\u00e4nkt sein.<\/p>\n<p>&nbsp;<\/p>\n<p><strong>Web-Analyse<br \/>\n<\/strong>Um unsere Website f\u00fcr alle besonders userfreundlich gestalten zu k\u00f6nnen, nutzen wir einige Funktionen des Webanalysedienstes Google Analytics (Google LLC, 1600 Amphitheatre Parkway, Mountain View, CA 94043USA). Dazu werden Cookies verwendet, die eine Analyse der Benutzung der Website durch Ihre Benutzer erm\u00f6glicht. Die dadurch erzeugten Informationen werden auf den Server des Anbieters \u00fcbertragen und dort gespeichert. Soweit wir Ihre IP-Adresse erfassen, wird diese pseudonymisiert. Dadurch ist nur mehr eine grobe Lokalisierung m\u00f6glich.<\/p>\n<p>&nbsp;<\/p>\n<p><strong>Google Analytics<br \/>\n<\/strong>Die Beziehung zum Webanalyseanbieter basiert auf Standardvertragsklauseln \/einem Angemessenheitsbeschluss der Europ\u00e4ischen Komission und der USA: \u201ePrivacy Shield\u201c. Die Datenverarbeitung erfolgt auf Basis der gesetzlichen Bestimmungen des \u00a7 96 Abs 3 TKG sowie des Art 6 Abs 1 lit a (Einwilligung) und\/oder (berechtigtes Interesse) der DSGVO.<\/p>\n<p>Unser Anliegen im Sinne der DSGVO ist die Verbesserung unseres Angebotes und unseres Webauftritts. Da uns die Privatsph\u00e4re unserer Nutzer wichtig ist, werden die Nutzerdaten pseudonymisiert und dabei nur unspezifische Nutzerdaten erhoben.<\/p>\n<p>&nbsp;<\/p>\n<p><strong>Verlinkungen zu anderen Websites<br \/>\n<\/strong>Auf dieser Website finden Sie auch Links zu anderen Websites. Die Verantwortung f\u00fcr diese und deren Inhalte liegen bei den jeweiligen BetreiberInnen der betreffenden Websites. Jugend Eine Welt \u00fcbernimmt f\u00fcr deren Inhalte keine Haftung.<\/p>\n<p>&nbsp;<\/p>\n<p><strong>Ihre Rechte<br \/>\n<\/strong>Ihnen stehen grunds\u00e4tzlich die Rechte auf Auskunft, Berichtigung, L\u00f6schung, Einschr\u00e4nkung, Daten\u00fcbertragbarkeit, Widerruf und Widerspruch zu. Wenn Sie glauben, dass die Verarbeitung\u00a0 Ihrer Daten gegen das Datenschutzrecht verst\u00f6\u00dft oder Ihre datenschutzrechtlichen Anspr\u00fcche sonst in einer Weise verletzt worden sind, k\u00f6nnen Sie sich jederzeit bei uns melden.<\/p>\n<p>Die zust\u00e4ndige Aufsichtsbeh\u00f6rde in \u00d6sterreich ist die Datenschutzbeh\u00f6rde.<\/p>\n<p>&nbsp;<\/p>\n<p><strong>Sie erreichen uns unter folgenden Kontaktdaten:<br \/>\n<\/strong>Jugend Eine Welt, Austria, 1130 Wien, M\u00fcnichreiterstra\u00dfe 31 (vormals St. Veit-Gasse 21),<br \/>\nTel. +43 1 879 07 07, <a href=\"mailto:info@jugendeinewelt.at\">info@jugendeinewelt.at<\/a><\/p>\n<p><em>&#8211; Stand: Oktober 2020<\/em><\/p>\n","protected":false},"excerpt":{"rendered":"<p>Datenschutzerkl\u00e4rung Der Schutz Ihrer pers\u00f6nlichen Daten ist uns ein besonderes Anliegen. Wir verarbeiten Ihre Daten daher ausschlie\u00dflich auf Grundlage der gesetzlichen Bestimmungen (DSGVO, TKG 2003). In diesen Datenschutzinformationen informieren wir Sie \u00fcber die wichtigsten Aspekte der Datenverarbeitung im Rahmen unserer Website. &nbsp; Kontakt mit uns Wenn Sie per Formular auf der Website oder per E-Mail&#8230;<\/p>\n","protected":false},"author":2,"featured_media":0,"parent":0,"menu_order":0,"comment_status":"closed","ping_status":"closed","template":"","meta":{"footnotes":""},"class_list":["post-48","page","type-page","status-publish","hentry"],"_links":{"self":[{"href":"https:\/\/eineweltpartnerschaft.at\/index.php?rest_route=\/wp\/v2\/pages\/48","targetHints":{"allow":["GET"]}}],"collection":[{"href":"https:\/\/eineweltpartnerschaft.at\/index.php?rest_route=\/wp\/v2\/pages"}],"about":[{"href":"https:\/\/eineweltpartnerschaft.at\/index.php?rest_route=\/wp\/v2\/types\/page"}],"author":[{"embeddable":true,"href":"https:\/\/eineweltpartnerschaft.at\/index.php?rest_route=\/wp\/v2\/users\/2"}],"replies":[{"embeddable":true,"href":"https:\/\/eineweltpartnerschaft.at\/index.php?rest_route=%2Fwp%2Fv2%2Fcomments&post=48"}],"version-history":[{"count":1,"href":"https:\/\/eineweltpartnerschaft.at\/index.php?rest_route=\/wp\/v2\/pages\/48\/revisions"}],"predecessor-version":[{"id":49,"href":"https:\/\/eineweltpartnerschaft.at\/index.php?rest_route=\/wp\/v2\/pages\/48\/revisions\/49"}],"wp:attachment":[{"href":"https:\/\/eineweltpartnerschaft.at\/index.php?rest_route=%2Fwp%2Fv2%2Fmedia&parent=48"}],"curies":[{"name":"wp","href":"https:\/\/api.w.org\/{rel}","templated":true}]}}