{"id":46,"date":"2020-12-14T14:03:35","date_gmt":"2020-12-14T14:03:35","guid":{"rendered":"http:\/\/eineweltpartnerschaft.at\/?page_id=46"},"modified":"2021-02-16T14:53:36","modified_gmt":"2021-02-16T14:53:36","slug":"impressum","status":"publish","type":"page","link":"https:\/\/eineweltpartnerschaft.at\/?page_id=46","title":{"rendered":"Impressum"},"content":{"rendered":"<h2>Medieninhaber, Hersteller und Herausgeber:<\/h2>\n<p>Jugend Eine Welt \u2013 Don Bosco Aktion \u00d6sterreich<br \/>\n(Jugend Eine Welt \u2013 Don Bosco Entwicklungszusammenarbeit)<\/p>\n<p><strong>Grundlegende Ausrichtung:<\/strong><\/p>\n<p>Jugend Eine Welt ist ein internationales Hilfswerk und wurde 1997 als Verein gegr\u00fcndet. Der Zweck der unabh\u00e4ngigen Nicht-Regierungs-Organisation (NRO) liegt in nationaler und internationaler Jugendhilfe sowie nachhaltiger Entwicklungszusammenarbeit. Jugend Eine Welt handelt aus christlicher Motivation im Geiste des gro\u00dfen Jugendheiligen Don Bosco. Die Organisation orientiert sich an christlichen Werten und setzt sich f\u00fcr gerechte Strukturen ein.<\/p>\n<hr \/>\n<h2>Vorstand &amp; Gesch\u00e4ftsf\u00fchrung<\/h2>\n<p><strong>Aktueller Vorstand:<br \/>\n<\/strong>Reinhard Heiserer, Vorsitzende<br \/>\nMMag. Margit Pollheimer-P\u00fchringer, stv. Vorsitzende<br \/>\nNelly Gonzalez<br \/>\nMartin Hauszer<br \/>\nMax Kuderna<br \/>\n<strong>Gesch\u00e4ftsf\u00fchrung:<br \/>\n<\/strong>Reinhard Heiserer<\/p>\n<p>Nach au\u00dfen wird der Verein Jugend Eine Welt \u00d6sterreich rechtsverbindlich vertreten vom der\/dem Vorsitzenden und vom Gesch\u00e4ftsf\u00fchrer\/der Gesch\u00e4ftsf\u00fchrerin des Vereins, jeweils als allein zeichnungsberechtigte Personen. Bei Verhinderung beider ist die\/der stellvertretende Vorsitzende zeichnungsberechtigt.<\/p>\n<hr \/>\n<h2>Vereinsstatut &amp; -daten<\/h2>\n<p><strong>Zum Vereinszweck lt. Statut:<\/strong><\/p>\n<p>(1) Der Verein ist eine gemeinn\u00fctzige, nicht auf Gewinn ausgerichtete Vereinigung nat\u00fcrlicher Personen, die ausschlie\u00dflich Humanit\u00e4ts- und Wohlfahrtsziele verfolgt.<\/p>\n<p>(2) Der Verein hat die mildt\u00e4tige Unterst\u00fctzung von hilfsbed\u00fcrftigen Personen zum Ziel.<br \/>\nDer Verein verfolgt den Zweck der Bek\u00e4mpfung von Armut und Not in den Entwicklungsl\u00e4ndern und f\u00f6rdert Projekte bei internationalen Katastrophenf\u00e4llen und sonstigen humanit\u00e4ren Katastrophen. Projekte werden unmittelbar oder durch Erf\u00fcllungsgehilfen ausgef\u00fchrt.<\/p>\n<p>(3) Der Verein m\u00f6chte durch entwicklungspolitische Arbeit in \u00d6sterreich zur Solidarit\u00e4t im Sinne einer christlich gepr\u00e4gten Verantwortung einzelner Menschen, Gruppen und ganzer V\u00f6lker f\u00fcreinander beitragen.<\/p>\n<p>(4) Der Verein bezweckt die F\u00f6rderung von nationaler und internationaler Jugendhilfe und Entwicklungszusammenarbeit von vor allem von Salesianern und Don Bosco Schwestern in aller Welt unterhaltenen Einrichtungen und Programme zur Erziehung und Ausbildung der dortigen Jugend.<\/p>\n<hr \/>\n<p><strong>Disclaimer<\/strong><\/p>\n<p>Eingegangene Gelder, die \u00fcber die Finanzierung von einzelnen Projekten hinausgehen, werden f\u00fcr andere Projekte und satzungsgem\u00e4\u00dfe Aufgaben\u00a0 von Jugend Eine Welt eingesetzt.<\/p>\n<p>&nbsp;<\/p>\n<p><strong>Vereinsbeh\u00f6rde:<br \/>\n<\/strong>Landespolizeidirektion Wien, B\u00fcro f\u00fcr Vereins-, Versammlungs- und Medienrechtsangelegenheiten<br \/>\nSchottenring 7-9, 1010 Wien<\/p>\n<hr \/>\n<p><strong>Kontakt:<br \/>\n<\/strong>Jugend Eine Welt &#8211; Don Bosco Aktion \u00d6sterreich<br \/>\nM\u00fcnichreiterstra\u00dfe 31, 1130 Wien<br \/>\n(vormals: St. Veit-Gasse 21, 1130)<br \/>\nTel. +43 1 879 07 07<br \/>\ninfo(at)jugendeinewelt.at<br \/>\n<a href=\"http:\/\/www.jugendeinewelt.at\/\">www.jugendeinewelt.at<\/a><br \/>\nGesch\u00e4ftsf\u00fchrung: Reinhard Heiserer<br \/>\n<strong>Registriernummer: <\/strong>ZVR: 843744258<\/p>\n","protected":false},"excerpt":{"rendered":"<p>Medieninhaber, Hersteller und Herausgeber: Jugend Eine Welt \u2013 Don Bosco Aktion \u00d6sterreich (Jugend Eine Welt \u2013 Don Bosco Entwicklungszusammenarbeit) Grundlegende Ausrichtung: Jugend Eine Welt ist ein internationales Hilfswerk und wurde 1997 als Verein gegr\u00fcndet. Der Zweck der unabh\u00e4ngigen Nicht-Regierungs-Organisation (NRO) liegt in nationaler und internationaler Jugendhilfe sowie nachhaltiger Entwicklungszusammenarbeit. Jugend Eine Welt handelt aus christlicher&#8230;<\/p>\n","protected":false},"author":2,"featured_media":0,"parent":0,"menu_order":0,"comment_status":"closed","ping_status":"closed","template":"","meta":{"footnotes":""},"class_list":["post-46","page","type-page","status-publish","hentry"],"_links":{"self":[{"href":"https:\/\/eineweltpartnerschaft.at\/index.php?rest_route=\/wp\/v2\/pages\/46","targetHints":{"allow":["GET"]}}],"collection":[{"href":"https:\/\/eineweltpartnerschaft.at\/index.php?rest_route=\/wp\/v2\/pages"}],"about":[{"href":"https:\/\/eineweltpartnerschaft.at\/index.php?rest_route=\/wp\/v2\/types\/page"}],"author":[{"embeddable":true,"href":"https:\/\/eineweltpartnerschaft.at\/index.php?rest_route=\/wp\/v2\/users\/2"}],"replies":[{"embeddable":true,"href":"https:\/\/eineweltpartnerschaft.at\/index.php?rest_route=%2Fwp%2Fv2%2Fcomments&post=46"}],"version-history":[{"count":6,"href":"https:\/\/eineweltpartnerschaft.at\/index.php?rest_route=\/wp\/v2\/pages\/46\/revisions"}],"predecessor-version":[{"id":128,"href":"https:\/\/eineweltpartnerschaft.at\/index.php?rest_route=\/wp\/v2\/pages\/46\/revisions\/128"}],"wp:attachment":[{"href":"https:\/\/eineweltpartnerschaft.at\/index.php?rest_route=%2Fwp%2Fv2%2Fmedia&parent=46"}],"curies":[{"name":"wp","href":"https:\/\/api.w.org\/{rel}","templated":true}]}}