{"id":44,"date":"2020-12-14T14:01:41","date_gmt":"2020-12-14T14:01:41","guid":{"rendered":"http:\/\/eineweltpartnerschaft.at\/?page_id=44"},"modified":"2021-02-16T14:46:47","modified_gmt":"2021-02-16T14:46:47","slug":"kontakt","status":"publish","type":"page","link":"https:\/\/eineweltpartnerschaft.at\/?page_id=44","title":{"rendered":"Kontakt"},"content":{"rendered":"<p><strong>Jugend Eine Welt Don Bosco Aktion \u00d6sterreich<\/strong><br \/>\nReinhard Heiserer, Gesch\u00e4ftsf\u00fchrer<br \/>\nM\u00fcnichreiterstra\u00dfe 31<br \/>\n1130 Wien \/ \u00d6sterreich<\/p>\n<p><strong>Ansprechperson:<\/strong><br \/>\nMag. Kurt Schmidl<br \/>\nTel. +43 1 879 07 07 \u2013 30<br \/>\nMobil +43 664 \/ 88 59 3853<br \/>\nE-Mail: <a href=\"mailto:partnerschaft@jugendeinewelt.at\">partnerschaft@jugendeinewelt.at<\/a><\/p>\n","protected":false},"excerpt":{"rendered":"<p>Jugend Eine Welt Don Bosco Aktion \u00d6sterreich Reinhard Heiserer, Gesch\u00e4ftsf\u00fchrer M\u00fcnichreiterstra\u00dfe 31 1130 Wien \/ \u00d6sterreich Ansprechperson: Mag. Kurt Schmidl Tel. +43 1 879 07 07 \u2013 30 Mobil +43 664 \/ 88 59 3853 E-Mail: partnerschaft@jugendeinewelt.at<\/p>\n","protected":false},"author":2,"featured_media":0,"parent":0,"menu_order":0,"comment_status":"closed","ping_status":"closed","template":"","meta":{"footnotes":""},"class_list":["post-44","page","type-page","status-publish","hentry"],"_links":{"self":[{"href":"https:\/\/eineweltpartnerschaft.at\/index.php?rest_route=\/wp\/v2\/pages\/44","targetHints":{"allow":["GET"]}}],"collection":[{"href":"https:\/\/eineweltpartnerschaft.at\/index.php?rest_route=\/wp\/v2\/pages"}],"about":[{"href":"https:\/\/eineweltpartnerschaft.at\/index.php?rest_route=\/wp\/v2\/types\/page"}],"author":[{"embeddable":true,"href":"https:\/\/eineweltpartnerschaft.at\/index.php?rest_route=\/wp\/v2\/users\/2"}],"replies":[{"embeddable":true,"href":"https:\/\/eineweltpartnerschaft.at\/index.php?rest_route=%2Fwp%2Fv2%2Fcomments&post=44"}],"version-history":[{"count":2,"href":"https:\/\/eineweltpartnerschaft.at\/index.php?rest_route=\/wp\/v2\/pages\/44\/revisions"}],"predecessor-version":[{"id":123,"href":"https:\/\/eineweltpartnerschaft.at\/index.php?rest_route=\/wp\/v2\/pages\/44\/revisions\/123"}],"wp:attachment":[{"href":"https:\/\/eineweltpartnerschaft.at\/index.php?rest_route=%2Fwp%2Fv2%2Fmedia&parent=44"}],"curies":[{"name":"wp","href":"https:\/\/api.w.org\/{rel}","templated":true}]}}