{"id":41,"date":"2020-12-14T13:59:11","date_gmt":"2020-12-14T13:59:11","guid":{"rendered":"http:\/\/eineweltpartnerschaft.at\/?page_id=41"},"modified":"2021-02-16T14:36:07","modified_gmt":"2021-02-16T14:36:07","slug":"41-2","status":"publish","type":"page","link":"https:\/\/eineweltpartnerschaft.at\/?page_id=41","title":{"rendered":"Partner\/In werden"},"content":{"rendered":"<p><strong>Unser Netzwerk freut sich \u00fcber weitere Eine Welt Partner\/innen!<\/strong><\/p>\n<ul>\n<li>Sie sind eine in \u00d6sterreich ans\u00e4ssige gemeinn\u00fctzige Organisation, Initiative oder Gruppe, die sich f\u00fcr eine gerechte Welt engagiert bzw. engagieren m\u00f6chte?<\/li>\n<li>Sie m\u00f6chten sich mit anderen Organisationen, Initiativen und Gruppen vernetzen und austauschen?<\/li>\n<li>Sie m\u00f6chten Unterst\u00fctzung in der administrativen Abwicklung von Spenden?<\/li>\n<\/ul>\n<p>Dann werden Sie Teil der Eine Welt Partnerschaft und treten Sie mit uns in Verbindung!<\/p>\n<p>Hier geht&#8217;s zum <a href=\"https:\/\/eineweltpartnerschaft.at\/?page_id=44\">Kontakt.<\/a><\/p>\n","protected":false},"excerpt":{"rendered":"<p>Unser Netzwerk freut sich \u00fcber weitere Eine Welt Partner\/innen! Sie sind eine in \u00d6sterreich ans\u00e4ssige gemeinn\u00fctzige Organisation, Initiative oder Gruppe, die sich f\u00fcr eine gerechte Welt engagiert bzw. engagieren m\u00f6chte? Sie m\u00f6chten sich mit anderen Organisationen, Initiativen und Gruppen vernetzen und austauschen? Sie m\u00f6chten Unterst\u00fctzung in der administrativen Abwicklung von Spenden? Dann werden Sie Teil&#8230;<\/p>\n","protected":false},"author":2,"featured_media":0,"parent":0,"menu_order":0,"comment_status":"closed","ping_status":"closed","template":"","meta":{"footnotes":""},"class_list":["post-41","page","type-page","status-publish","hentry"],"_links":{"self":[{"href":"https:\/\/eineweltpartnerschaft.at\/index.php?rest_route=\/wp\/v2\/pages\/41","targetHints":{"allow":["GET"]}}],"collection":[{"href":"https:\/\/eineweltpartnerschaft.at\/index.php?rest_route=\/wp\/v2\/pages"}],"about":[{"href":"https:\/\/eineweltpartnerschaft.at\/index.php?rest_route=\/wp\/v2\/types\/page"}],"author":[{"embeddable":true,"href":"https:\/\/eineweltpartnerschaft.at\/index.php?rest_route=\/wp\/v2\/users\/2"}],"replies":[{"embeddable":true,"href":"https:\/\/eineweltpartnerschaft.at\/index.php?rest_route=%2Fwp%2Fv2%2Fcomments&post=41"}],"version-history":[{"count":6,"href":"https:\/\/eineweltpartnerschaft.at\/index.php?rest_route=\/wp\/v2\/pages\/41\/revisions"}],"predecessor-version":[{"id":121,"href":"https:\/\/eineweltpartnerschaft.at\/index.php?rest_route=\/wp\/v2\/pages\/41\/revisions\/121"}],"wp:attachment":[{"href":"https:\/\/eineweltpartnerschaft.at\/index.php?rest_route=%2Fwp%2Fv2%2Fmedia&parent=41"}],"curies":[{"name":"wp","href":"https:\/\/api.w.org\/{rel}","templated":true}]}}