{"id":39,"date":"2020-12-14T13:58:28","date_gmt":"2020-12-14T13:58:28","guid":{"rendered":"http:\/\/eineweltpartnerschaft.at\/?page_id=39"},"modified":"2021-02-16T14:33:20","modified_gmt":"2021-02-16T14:33:20","slug":"partnerschaft","status":"publish","type":"page","link":"https:\/\/eineweltpartnerschaft.at\/?page_id=39","title":{"rendered":"Partnerschaft"},"content":{"rendered":"<p>Eine Welt Partnerschaft ist ein B\u00fcndnis gemeinn\u00fctziger Organisationen, Vereine, Initiativen und Gruppen in der internationalen Entwicklungszusammenarbeit (wie etwa in Pfarren, Unternehmen, Weltl\u00e4den etc). Gemeinsam verfolgen sie das Ziel, EINE Welt gerechter zu gestalten \u2013 konkret z.B. durch die Unterst\u00fctzung von Sozial- und Bildungsprojekten in L\u00e4ndern des globalen S\u00fcdens. Dort fehlende finanzielle Mittel werden durch Spenden aus \u00d6sterreich aufgebracht.<\/p>\n<p>Jede\/r Partner\/in engagiert sich im eigenen Umfeld, um ein konkretes gemeinn\u00fctziges Vorhaben im Ausland zu unterst\u00fctzen. So sammeln z.B. die Partner\/innen Spenden in \u00d6sterreich zugunsten von Projekten in\/von Schulen, Sozialzentren, l\u00e4ndliche Entwicklungspartnern, Berufsausbildungszentren, Kinderrechtsgruppen in L\u00e4ndern des globalen S\u00fcdens. Jugend Eine Welt unterst\u00fctzt dabei administrativ und nimmt eine koordinierende Rolle innerhalb des Eine Welt Partnerschaftsnetzwerkes ein.<\/p>\n","protected":false},"excerpt":{"rendered":"<p>Eine Welt Partnerschaft ist ein B\u00fcndnis gemeinn\u00fctziger Organisationen, Vereine, Initiativen und Gruppen in der internationalen Entwicklungszusammenarbeit (wie etwa in Pfarren, Unternehmen, Weltl\u00e4den etc). Gemeinsam verfolgen sie das Ziel, EINE Welt gerechter zu gestalten \u2013 konkret z.B. durch die Unterst\u00fctzung von Sozial- und Bildungsprojekten in L\u00e4ndern des globalen S\u00fcdens. Dort fehlende finanzielle Mittel werden durch Spenden&#8230;<\/p>\n","protected":false},"author":2,"featured_media":0,"parent":0,"menu_order":0,"comment_status":"closed","ping_status":"closed","template":"","meta":{"footnotes":""},"class_list":["post-39","page","type-page","status-publish","hentry"],"_links":{"self":[{"href":"https:\/\/eineweltpartnerschaft.at\/index.php?rest_route=\/wp\/v2\/pages\/39","targetHints":{"allow":["GET"]}}],"collection":[{"href":"https:\/\/eineweltpartnerschaft.at\/index.php?rest_route=\/wp\/v2\/pages"}],"about":[{"href":"https:\/\/eineweltpartnerschaft.at\/index.php?rest_route=\/wp\/v2\/types\/page"}],"author":[{"embeddable":true,"href":"https:\/\/eineweltpartnerschaft.at\/index.php?rest_route=\/wp\/v2\/users\/2"}],"replies":[{"embeddable":true,"href":"https:\/\/eineweltpartnerschaft.at\/index.php?rest_route=%2Fwp%2Fv2%2Fcomments&post=39"}],"version-history":[{"count":3,"href":"https:\/\/eineweltpartnerschaft.at\/index.php?rest_route=\/wp\/v2\/pages\/39\/revisions"}],"predecessor-version":[{"id":116,"href":"https:\/\/eineweltpartnerschaft.at\/index.php?rest_route=\/wp\/v2\/pages\/39\/revisions\/116"}],"wp:attachment":[{"href":"https:\/\/eineweltpartnerschaft.at\/index.php?rest_route=%2Fwp%2Fv2%2Fmedia&parent=39"}],"curies":[{"name":"wp","href":"https:\/\/api.w.org\/{rel}","templated":true}]}}