{"id":37,"date":"2020-12-14T13:58:01","date_gmt":"2020-12-14T13:58:01","guid":{"rendered":"http:\/\/eineweltpartnerschaft.at\/?page_id=37"},"modified":"2021-02-16T14:36:35","modified_gmt":"2021-02-16T14:36:35","slug":"ziel","status":"publish","type":"page","link":"https:\/\/eineweltpartnerschaft.at\/?page_id=37","title":{"rendered":"Ziel"},"content":{"rendered":"<p><strong>Eine Welt Partnerschaft steht f\u00fcr globale Solidarit\u00e4t und den gemeinsamen Einsatz f\u00fcr EINE Welt.<\/strong><\/p>\n<p>Die Partner\/innen im Netzwerk b\u00fcndeln ihre Kr\u00e4fte und engagieren sich f\u00fcr soziale Anliegen rund um die Welt. Sie leisten benachteiligten Menschen Hilfe zur Selbsthilfe, die nachhaltige Lebensperspektiven erm\u00f6glichen soll. Dazu setzen die Eine Welt PartnerInnen auf Vernetzung untereinander, auf gegenseitigen Austausch und Unterst\u00fctzung.<\/p>\n","protected":false},"excerpt":{"rendered":"<p>Eine Welt Partnerschaft steht f\u00fcr globale Solidarit\u00e4t und den gemeinsamen Einsatz f\u00fcr EINE Welt. Die Partner\/innen im Netzwerk b\u00fcndeln ihre Kr\u00e4fte und engagieren sich f\u00fcr soziale Anliegen rund um die Welt. Sie leisten benachteiligten Menschen Hilfe zur Selbsthilfe, die nachhaltige Lebensperspektiven erm\u00f6glichen soll. Dazu setzen die Eine Welt PartnerInnen auf Vernetzung untereinander, auf gegenseitigen Austausch&#8230;<\/p>\n","protected":false},"author":2,"featured_media":0,"parent":0,"menu_order":0,"comment_status":"closed","ping_status":"closed","template":"","meta":{"footnotes":""},"class_list":["post-37","page","type-page","status-publish","hentry"],"_links":{"self":[{"href":"https:\/\/eineweltpartnerschaft.at\/index.php?rest_route=\/wp\/v2\/pages\/37","targetHints":{"allow":["GET"]}}],"collection":[{"href":"https:\/\/eineweltpartnerschaft.at\/index.php?rest_route=\/wp\/v2\/pages"}],"about":[{"href":"https:\/\/eineweltpartnerschaft.at\/index.php?rest_route=\/wp\/v2\/types\/page"}],"author":[{"embeddable":true,"href":"https:\/\/eineweltpartnerschaft.at\/index.php?rest_route=\/wp\/v2\/users\/2"}],"replies":[{"embeddable":true,"href":"https:\/\/eineweltpartnerschaft.at\/index.php?rest_route=%2Fwp%2Fv2%2Fcomments&post=37"}],"version-history":[{"count":2,"href":"https:\/\/eineweltpartnerschaft.at\/index.php?rest_route=\/wp\/v2\/pages\/37\/revisions"}],"predecessor-version":[{"id":122,"href":"https:\/\/eineweltpartnerschaft.at\/index.php?rest_route=\/wp\/v2\/pages\/37\/revisions\/122"}],"wp:attachment":[{"href":"https:\/\/eineweltpartnerschaft.at\/index.php?rest_route=%2Fwp%2Fv2%2Fmedia&parent=37"}],"curies":[{"name":"wp","href":"https:\/\/api.w.org\/{rel}","templated":true}]}}